{"id":10805,"date":"2026-03-09T14:35:56","date_gmt":"2026-03-09T14:35:56","guid":{"rendered":"https:\/\/consultoriafocus.cat\/?page_id=10805"},"modified":"2026-03-09T15:50:10","modified_gmt":"2026-03-09T15:50:10","slug":"curs-preparacio-actic-basic","status":"publish","type":"page","link":"https:\/\/consultoriafocus.cat\/ca\/curs-preparacio-actic-basic\/","title":{"rendered":"Curs Preparaci\u00f3 Actic B\u00e0sic"},"content":{"rendered":"<div data-elementor-type=\"wp-page\" data-elementor-id=\"10805\" class=\"elementor elementor-10805\" data-elementor-post-type=\"page\">\n\t\t\t\t<div class=\"elementor-element elementor-element-916ba08 e-flex e-con-boxed e-con e-parent\" data-id=\"916ba08\" data-element_type=\"container\" data-e-type=\"container\" data-settings=\"{&quot;background_background&quot;:&quot;classic&quot;}\">\n\t\t\t\t\t<div class=\"e-con-inner\">\n\t\t\t\t<div class=\"elementor-element elementor-element-5993eac elementor-hidden-desktop elementor-hidden-tablet elementor-widget elementor-widget-heading\" data-id=\"5993eac\" data-element_type=\"widget\" data-e-type=\"widget\" data-widget_type=\"heading.default\">\n\t\t\t\t<div class=\"elementor-widget-container\">\n\t\t\t\t\t<h2 class=\"elementor-heading-title elementor-size-default\">Preinscripci\u00f3 al curs de PREPARACI\u00d3 D'ACTIC B\u00c0SIC<\/h2>\t\t\t\t<\/div>\n\t\t\t\t<\/div>\n\t\t\t\t<div class=\"elementor-element elementor-element-7cf9d4f elementor-hidden-mobile elementor-widget elementor-widget-heading\" data-id=\"7cf9d4f\" data-element_type=\"widget\" data-e-type=\"widget\" data-widget_type=\"heading.default\">\n\t\t\t\t<div class=\"elementor-widget-container\">\n\t\t\t\t\t<h2 class=\"elementor-heading-title elementor-size-default\">Preinscripci\u00f3 al curs de<br>PREPARACI\u00d3 D'ACTIC B\u00c0SIC<\/h2>\t\t\t\t<\/div>\n\t\t\t\t<\/div>\n\t\t\t\t<div class=\"elementor-element elementor-element-48089d3 elementor-widget__width-initial elementor-widget elementor-widget-image\" data-id=\"48089d3\" data-element_type=\"widget\" data-e-type=\"widget\" data-widget_type=\"image.default\">\n\t\t\t\t<div class=\"elementor-widget-container\">\n\t\t\t\t\t\t\t\t\t\t\t\t\t\t\t<img fetchpriority=\"high\" decoding=\"async\" width=\"512\" height=\"512\" src=\"https:\/\/consultoriafocus.cat\/wp-content\/uploads\/2021\/12\/cropped-logo-focus-letra-fuera-1-1.png\" class=\"attachment-large size-large wp-image-5833\" alt=\"\" srcset=\"https:\/\/consultoriafocus.cat\/wp-content\/uploads\/2021\/12\/cropped-logo-focus-letra-fuera-1-1.png 512w, https:\/\/consultoriafocus.cat\/wp-content\/uploads\/2021\/12\/cropped-logo-focus-letra-fuera-1-1-300x300.png 300w, https:\/\/consultoriafocus.cat\/wp-content\/uploads\/2021\/12\/cropped-logo-focus-letra-fuera-1-1-150x150.png 150w, https:\/\/consultoriafocus.cat\/wp-content\/uploads\/2021\/12\/cropped-logo-focus-letra-fuera-1-1-40x40.png 40w, https:\/\/consultoriafocus.cat\/wp-content\/uploads\/2021\/12\/cropped-logo-focus-letra-fuera-1-1-100x100.png 100w, https:\/\/consultoriafocus.cat\/wp-content\/uploads\/2021\/12\/cropped-logo-focus-letra-fuera-1-1-270x270.png 270w, https:\/\/consultoriafocus.cat\/wp-content\/uploads\/2021\/12\/cropped-logo-focus-letra-fuera-1-1-192x192.png 192w, https:\/\/consultoriafocus.cat\/wp-content\/uploads\/2021\/12\/cropped-logo-focus-letra-fuera-1-1-180x180.png 180w, https:\/\/consultoriafocus.cat\/wp-content\/uploads\/2021\/12\/cropped-logo-focus-letra-fuera-1-1-32x32.png 32w\" sizes=\"(max-width: 512px) 100vw, 512px\" \/>\t\t\t\t\t\t\t\t\t\t\t\t\t\t\t<\/div>\n\t\t\t\t<\/div>\n\t\t\t\t\t<\/div>\n\t\t\t\t<\/div>\n\t\t<div class=\"elementor-element elementor-element-f55bbf7 e-flex e-con-boxed e-con e-parent\" data-id=\"f55bbf7\" data-element_type=\"container\" data-e-type=\"container\">\n\t\t\t\t\t<div class=\"e-con-inner\">\n\t\t<div class=\"elementor-element elementor-element-f5d61e2 e-con-full e-flex e-con e-child\" data-id=\"f5d61e2\" data-element_type=\"container\" data-e-type=\"container\">\n\t\t\t\t<div class=\"elementor-element elementor-element-06c5323 elementor-align-start elementor-icon-list--layout-traditional elementor-list-item-link-full_width elementor-widget elementor-widget-icon-list\" data-id=\"06c5323\" data-element_type=\"widget\" data-e-type=\"widget\" data-widget_type=\"icon-list.default\">\n\t\t\t\t<div class=\"elementor-widget-container\">\n\t\t\t\t\t\t\t<ul class=\"elementor-icon-list-items\">\n\t\t\t\t\t\t\t<li class=\"elementor-icon-list-item\">\n\t\t\t\t\t\t\t\t\t\t\t<span class=\"elementor-icon-list-icon\">\n\t\t\t\t\t\t\t<i aria-hidden=\"true\" class=\"far fa-play-circle\"><\/i>\t\t\t\t\t\t<\/span>\n\t\t\t\t\t\t\t\t\t\t<span class=\"elementor-icon-list-text\"><b>Durada<\/b>: 180h<\/span>\n\t\t\t\t\t\t\t\t\t<\/li>\n\t\t\t\t\t\t\t\t<li class=\"elementor-icon-list-item\">\n\t\t\t\t\t\t\t\t\t\t\t<span class=\"elementor-icon-list-icon\">\n\t\t\t\t\t\t\t<i aria-hidden=\"true\" class=\"far fa-calendar-alt\"><\/i>\t\t\t\t\t\t<\/span>\n\t\t\t\t\t\t\t\t\t\t<span class=\"elementor-icon-list-text\"><b>Dates<\/b>: del 19 de mar\u00e7 fins al 1 de juny de 2026<\/span>\n\t\t\t\t\t\t\t\t\t<\/li>\n\t\t\t\t\t\t\t\t<li class=\"elementor-icon-list-item\">\n\t\t\t\t\t\t\t\t\t\t\t<span class=\"elementor-icon-list-icon\">\n\t\t\t\t\t\t\t<i aria-hidden=\"true\" class=\"far fa-clock\"><\/i>\t\t\t\t\t\t<\/span>\n\t\t\t\t\t\t\t\t\t\t<span class=\"elementor-icon-list-text\"><b>Horari<\/b>: De dilluns a divendres de 9:15h a 13:15h<\/span>\n\t\t\t\t\t\t\t\t\t<\/li>\n\t\t\t\t\t\t\t\t<li class=\"elementor-icon-list-item\">\n\t\t\t\t\t\t\t\t\t\t\t<span class=\"elementor-icon-list-icon\">\n\t\t\t\t\t\t\t<i aria-hidden=\"true\" class=\"fas fa-map-marker-alt\"><\/i>\t\t\t\t\t\t<\/span>\n\t\t\t\t\t\t\t\t\t\t<span class=\"elementor-icon-list-text\"><b>Ubicaci\u00f3<\/b>: (Edifici Bes\u00f2s) Pl. de Francesc Michelli, s\/n, 08930 Sant Adri\u00e0 de Bes\u00f2s<\/span>\n\t\t\t\t\t\t\t\t\t<\/li>\n\t\t\t\t\t\t<\/ul>\n\t\t\t\t\t\t<\/div>\n\t\t\t\t<\/div>\n\t\t\t\t<\/div>\n\t\t<div class=\"elementor-element elementor-element-f7e6c21 e-con-full e-flex e-con e-child\" data-id=\"f7e6c21\" data-element_type=\"container\" data-e-type=\"container\">\n\t\t<div class=\"elementor-element elementor-element-99f941b e-con-full e-flex e-con e-child\" data-id=\"99f941b\" data-element_type=\"container\" data-e-type=\"container\" data-settings=\"{&quot;background_background&quot;:&quot;classic&quot;}\">\n\t\t\t\t<div class=\"elementor-element elementor-element-606b5d8 elementor-widget elementor-widget-heading\" data-id=\"606b5d8\" data-element_type=\"widget\" data-e-type=\"widget\" data-widget_type=\"heading.default\">\n\t\t\t\t<div class=\"elementor-widget-container\">\n\t\t\t\t\t<h2 class=\"elementor-heading-title elementor-size-default\">Deixa'ns la teva informaci\u00f3 i contactarem amb tu per a fer la preinscripci\u00f3.<\/h2>\t\t\t\t<\/div>\n\t\t\t\t<\/div>\n\t\t\t\t<div class=\"elementor-element elementor-element-8587174 eael-contact-form-7-button-align-center eael-contact-form-7-button-custom elementor-widget elementor-widget-eael-contact-form-7\" data-id=\"8587174\" data-element_type=\"widget\" data-e-type=\"widget\" data-widget_type=\"eael-contact-form-7.default\">\n\t\t\t\t<div class=\"elementor-widget-container\">\n\t\t\t\t\t<div class=\"eael-contact-form-7-wrapper\">\n                <div class=\"eael-contact-form eael-contact-form-7 eael-contact-form-8587174 placeholder-show eael-custom-radio-checkbox eael-contact-form-align-default\">\n<div class=\"wpcf7 no-js\" id=\"wpcf7-f10812-o1\" lang=\"es-ES\" dir=\"ltr\" data-wpcf7-id=\"10812\">\n<div class=\"screen-reader-response\"><p role=\"status\" aria-live=\"polite\" aria-atomic=\"true\"><\/p> <ul><\/ul><\/div>\n<form action=\"\/ca\/wp-json\/wp\/v2\/pages\/10805#wpcf7-f10812-o1\" method=\"post\" class=\"wpcf7-form init\" aria-label=\"Formulario de contacto\" novalidate=\"novalidate\" data-status=\"init\" data-trp-original-action=\"\/ca\/wp-json\/wp\/v2\/pages\/10805#wpcf7-f10812-o1\">\n<fieldset class=\"hidden-fields-container\"><input type=\"hidden\" name=\"_wpcf7\" value=\"10812\" \/><input type=\"hidden\" name=\"_wpcf7_version\" value=\"6.1.4\" \/><input type=\"hidden\" name=\"_wpcf7_locale\" value=\"es_ES\" \/><input type=\"hidden\" name=\"_wpcf7_unit_tag\" value=\"wpcf7-f10812-o1\" \/><input type=\"hidden\" name=\"_wpcf7_container_post\" value=\"0\" \/><input type=\"hidden\" name=\"_wpcf7_posted_data_hash\" value=\"\" \/><input type=\"hidden\" name=\"_wpcf7_recaptcha_response\" value=\"\" \/>\n<\/fieldset>\n<p><label> El teu nom*<br \/>\n<span class=\"wpcf7-form-control-wrap\" data-name=\"your-name\"><input size=\"40\" maxlength=\"400\" class=\"wpcf7-form-control wpcf7-text wpcf7-validates-as-required\" aria-required=\"true\" aria-invalid=\"false\" value=\"\" type=\"text\" name=\"your-name\" \/><\/span> <\/label>\n<\/p>\n<p><label> Tel\u00e8fon*<br \/>\n<span class=\"wpcf7-form-control-wrap\" data-name=\"tel-462\"><input size=\"40\" maxlength=\"400\" class=\"wpcf7-form-control wpcf7-tel wpcf7-validates-as-required wpcf7-text wpcf7-validates-as-tel\" aria-required=\"true\" aria-invalid=\"false\" value=\"\" type=\"tel\" name=\"tel-462\" \/><\/span> <\/label>\n<\/p>\n<p><label> Correu electr\u00f2nic<br \/>\n<span class=\"wpcf7-form-control-wrap\" data-name=\"your-email\"><input size=\"40\" maxlength=\"400\" class=\"wpcf7-form-control wpcf7-email wpcf7-text wpcf7-validates-as-email\" aria-invalid=\"false\" value=\"\" type=\"email\" name=\"your-email\" \/><\/span> <\/label>\n<\/p>\n<p><label> El teu missatge<br \/>\n<span class=\"wpcf7-form-control-wrap\" data-name=\"textarea-263\"><textarea cols=\"40\" rows=\"10\" maxlength=\"2000\" class=\"wpcf7-form-control wpcf7-textarea\" aria-invalid=\"false\" name=\"textarea-263\"><\/textarea><\/span> <\/label>\n<\/p>\n<p><span class=\"wpcf7-form-control-wrap\" data-name=\"acceptance-sant-adria\"><span class=\"wpcf7-form-control wpcf7-acceptance\"><span class=\"wpcf7-list-item\"><label><input type=\"checkbox\" name=\"acceptance-sant-adria\" value=\"1\" aria-invalid=\"false\" \/><span class=\"wpcf7-list-item-label\">Accepto que les meves dades siguin enviades a l'Ajuntament de Sant Adri\u00e0 del Bes\u00f2s per tal de gestionar la preinscripci\u00f3*.<\/span><\/label><\/span><\/span><\/span><br \/>\n<span class=\"wpcf7-form-control-wrap\" data-name=\"acceptance-476\"><span class=\"wpcf7-form-control wpcf7-acceptance\"><span class=\"wpcf7-list-item\"><label><input type=\"checkbox\" name=\"acceptance-476\" value=\"1\" aria-invalid=\"false\" \/><span class=\"wpcf7-list-item-label\">He llegit i accepto la <a rel=\"nofollow\" href=\"https:\/\/consultoriafocus.cat\/ca\/politica-privacidad\/\">Pol\u00edtica de Privacitat<\/a>*.<\/span><\/label><\/span><\/span><\/span>\n<\/p>\n<p><input class=\"wpcf7-form-control wpcf7-submit has-spinner\" type=\"submit\" value=\"Enviar\" \/>\n<\/p><p style=\"display: none !important;\" class=\"akismet-fields-container\" data-prefix=\"_wpcf7_ak_\"><label>&#916;<textarea name=\"_wpcf7_ak_hp_textarea\" cols=\"45\" rows=\"8\" maxlength=\"100\"><\/textarea><\/label><input type=\"hidden\" id=\"ak_js_1\" name=\"_wpcf7_ak_js\" value=\"226\"\/><script>document.getElementById( \"ak_js_1\" ).setAttribute( \"value\", ( new Date() ).getTime() );<\/script><\/p><div class=\"wpcf7-response-output\" aria-hidden=\"true\"><\/div>\n<input type=\"hidden\" name=\"trp-form-language\" value=\"ca\"\/><\/form>\n<\/div>\n<\/div>\n            <\/div>\t\t\t\t<\/div>\n\t\t\t\t<\/div>\n\t\t\t\t<div class=\"elementor-element elementor-element-3db9ed0 elementor-widget elementor-widget-text-editor\" data-id=\"3db9ed0\" data-element_type=\"widget\" data-e-type=\"widget\" data-widget_type=\"text-editor.default\">\n\t\t\t\t<div class=\"elementor-widget-container\">\n\t\t\t\t\t\t\t\t\t<p>*Els camps marcats amb asterisc s\u00f3n obligatoris.<\/p>\t\t\t\t\t\t\t\t<\/div>\n\t\t\t\t<\/div>\n\t\t\t\t<\/div>\n\t\t<div class=\"elementor-element elementor-element-318544d e-con-full e-flex e-con e-child\" data-id=\"318544d\" data-element_type=\"container\" data-e-type=\"container\" data-settings=\"{&quot;background_background&quot;:&quot;classic&quot;}\">\n\t\t\t\t<\/div>\n\t\t\t\t<\/div>\n\t\t\t\t\t<\/div>\n\t\t\t\t<\/div>\n\t\t\t\t<\/div>","protected":false},"excerpt":{"rendered":"<p>Preinscripci\u00f3 al curs de PREPARACI\u00d3 D&#8217;ACTIC B\u00c0SIC Preinscripci\u00f3 al curs dePREPARACI\u00d3 D&#8217;ACTIC B\u00c0SIC Durada: 180h Dates: del 19 de mar\u00e7 fins al 1 de juny de 2026 Horari: De dilluns a divendres de 9:15h a 13:15h Ubicaci\u00f3: (Edifici Bes\u00f2s) Pl. de Francesc Michelli, s\/n, 08930 Sant Adri\u00e0 de Bes\u00f2s Deixa&#8217;ns la teva informaci\u00f3 i contactarem [&hellip;]<\/p>","protected":false},"author":2,"featured_media":0,"parent":0,"menu_order":0,"comment_status":"closed","ping_status":"closed","template":"elementor_canvas","meta":{"_vp_format_video_url":"","_vp_image_focal_point":[],"_joinchat":[],"footnotes":""},"class_list":["post-10805","page","type-page","status-publish","hentry"],"yoast_head":"<!-- This site is optimized with the Yoast SEO plugin v24.6 - https:\/\/yoast.com\/wordpress\/plugins\/seo\/ -->\n<title>Curs Preparaci\u00f3 Actic B\u00e0sic - Consultoria Focus<\/title>\n<meta name=\"robots\" content=\"index, follow, max-snippet:-1, max-image-preview:large, max-video-preview:-1\" \/>\n<link rel=\"canonical\" href=\"https:\/\/consultoriafocus.cat\/ca\/curs-preparacio-actic-basic\/\" \/>\n<meta property=\"og:locale\" content=\"ca_ES\" \/>\n<meta property=\"og:type\" content=\"article\" \/>\n<meta property=\"og:title\" content=\"Curs Preparaci\u00f3 Actic B\u00e0sic - Consultoria Focus\" \/>\n<meta property=\"og:description\" content=\"Preinscripci\u00f3 al curs de PREPARACI\u00d3 D&#8217;ACTIC B\u00c0SIC Preinscripci\u00f3 al curs dePREPARACI\u00d3 D&#8217;ACTIC B\u00c0SIC Durada: 180h Dates: del 19 de mar\u00e7 fins al 1 de juny de 2026 Horari: De dilluns a divendres de 9:15h a 13:15h Ubicaci\u00f3: (Edifici Bes\u00f2s) Pl. de Francesc Michelli, s\/n, 08930 Sant Adri\u00e0 de Bes\u00f2s Deixa&#8217;ns la teva informaci\u00f3 i contactarem [&hellip;]\" \/>\n<meta property=\"og:url\" content=\"https:\/\/consultoriafocus.cat\/ca\/curs-preparacio-actic-basic\/\" \/>\n<meta property=\"og:site_name\" content=\"Consultoria Focus\" \/>\n<meta property=\"article:modified_time\" content=\"2026-03-09T15:50:10+00:00\" \/>\n<meta property=\"og:image\" content=\"https:\/\/consultoriafocus.cat\/wp-content\/uploads\/2021\/12\/cropped-logo-focus-letra-fuera-1-1.png\" \/>\n\t<meta property=\"og:image:width\" content=\"512\" \/>\n\t<meta property=\"og:image:height\" content=\"512\" \/>\n\t<meta property=\"og:image:type\" content=\"image\/png\" \/>\n<meta name=\"twitter:card\" content=\"summary_large_image\" \/>\n<meta name=\"twitter:label1\" content=\"Temps estimat de lectura\" \/>\n\t<meta name=\"twitter:data1\" content=\"1 minut\" \/>\n<script type=\"application\/ld+json\" class=\"yoast-schema-graph\">{\"@context\":\"https:\/\/schema.org\",\"@graph\":[{\"@type\":\"WebPage\",\"@id\":\"https:\/\/consultoriafocus.cat\/curs-preparacio-actic-basic\/\",\"url\":\"https:\/\/consultoriafocus.cat\/curs-preparacio-actic-basic\/\",\"name\":\"Curs Preparaci\u00f3 Actic B\u00e0sic - Consultoria Focus\",\"isPartOf\":{\"@id\":\"https:\/\/consultoriafocus.cat\/#website\"},\"primaryImageOfPage\":{\"@id\":\"https:\/\/consultoriafocus.cat\/curs-preparacio-actic-basic\/#primaryimage\"},\"image\":{\"@id\":\"https:\/\/consultoriafocus.cat\/curs-preparacio-actic-basic\/#primaryimage\"},\"thumbnailUrl\":\"https:\/\/consultoriafocus.cat\/wp-content\/uploads\/2021\/12\/cropped-logo-focus-letra-fuera-1-1.png\",\"datePublished\":\"2026-03-09T14:35:56+00:00\",\"dateModified\":\"2026-03-09T15:50:10+00:00\",\"breadcrumb\":{\"@id\":\"https:\/\/consultoriafocus.cat\/curs-preparacio-actic-basic\/#breadcrumb\"},\"inLanguage\":\"ca\",\"potentialAction\":[{\"@type\":\"ReadAction\",\"target\":[\"https:\/\/consultoriafocus.cat\/curs-preparacio-actic-basic\/\"]}]},{\"@type\":\"ImageObject\",\"inLanguage\":\"ca\",\"@id\":\"https:\/\/consultoriafocus.cat\/curs-preparacio-actic-basic\/#primaryimage\",\"url\":\"https:\/\/consultoriafocus.cat\/wp-content\/uploads\/2021\/12\/cropped-logo-focus-letra-fuera-1-1.png\",\"contentUrl\":\"https:\/\/consultoriafocus.cat\/wp-content\/uploads\/2021\/12\/cropped-logo-focus-letra-fuera-1-1.png\"},{\"@type\":\"BreadcrumbList\",\"@id\":\"https:\/\/consultoriafocus.cat\/curs-preparacio-actic-basic\/#breadcrumb\",\"itemListElement\":[{\"@type\":\"ListItem\",\"position\":1,\"name\":\"Portada\",\"item\":\"https:\/\/consultoriafocus.cat\/\"},{\"@type\":\"ListItem\",\"position\":2,\"name\":\"Curs Preparaci\u00f3 Actic B\u00e0sic\"}]},{\"@type\":\"WebSite\",\"@id\":\"https:\/\/consultoriafocus.cat\/#website\",\"url\":\"https:\/\/consultoriafocus.cat\/\",\"name\":\"consultoriafocus.cat\",\"description\":\"\",\"publisher\":{\"@id\":\"https:\/\/consultoriafocus.cat\/#organization\"},\"potentialAction\":[{\"@type\":\"SearchAction\",\"target\":{\"@type\":\"EntryPoint\",\"urlTemplate\":\"https:\/\/consultoriafocus.cat\/?s={search_term_string}\"},\"query-input\":{\"@type\":\"PropertyValueSpecification\",\"valueRequired\":true,\"valueName\":\"search_term_string\"}}],\"inLanguage\":\"ca\"},{\"@type\":\"Organization\",\"@id\":\"https:\/\/consultoriafocus.cat\/#organization\",\"name\":\"consultoriafocus.cat\",\"url\":\"https:\/\/consultoriafocus.cat\/\",\"logo\":{\"@type\":\"ImageObject\",\"inLanguage\":\"ca\",\"@id\":\"https:\/\/consultoriafocus.cat\/#\/schema\/logo\/image\/\",\"url\":\"https:\/\/consultoriafocus.cat\/wp-content\/uploads\/2021\/12\/cropped-logo-focus-letra-fuera-1-1-1.png\",\"contentUrl\":\"https:\/\/consultoriafocus.cat\/wp-content\/uploads\/2021\/12\/cropped-logo-focus-letra-fuera-1-1-1.png\",\"width\":695,\"height\":277,\"caption\":\"consultoriafocus.cat\"},\"image\":{\"@id\":\"https:\/\/consultoriafocus.cat\/#\/schema\/logo\/image\/\"}}]}<\/script>\n<!-- \/ Yoast SEO plugin. -->","yoast_head_json":{"title":"Curs Preparaci\u00f3 Actic B\u00e0sic - Consultoria Focus","robots":{"index":"index","follow":"follow","max-snippet":"max-snippet:-1","max-image-preview":"max-image-preview:large","max-video-preview":"max-video-preview:-1"},"canonical":"https:\/\/consultoriafocus.cat\/ca\/curs-preparacio-actic-basic\/","og_locale":"ca_ES","og_type":"article","og_title":"Curs Preparaci\u00f3 Actic B\u00e0sic - Consultoria Focus","og_description":"Preinscripci\u00f3 al curs de PREPARACI\u00d3 D&#8217;ACTIC B\u00c0SIC Preinscripci\u00f3 al curs dePREPARACI\u00d3 D&#8217;ACTIC B\u00c0SIC Durada: 180h Dates: del 19 de mar\u00e7 fins al 1 de juny de 2026 Horari: De dilluns a divendres de 9:15h a 13:15h Ubicaci\u00f3: (Edifici Bes\u00f2s) Pl. de Francesc Michelli, s\/n, 08930 Sant Adri\u00e0 de Bes\u00f2s Deixa&#8217;ns la teva informaci\u00f3 i contactarem [&hellip;]","og_url":"https:\/\/consultoriafocus.cat\/ca\/curs-preparacio-actic-basic\/","og_site_name":"Consultoria Focus","article_modified_time":"2026-03-09T15:50:10+00:00","og_image":[{"width":512,"height":512,"url":"https:\/\/consultoriafocus.cat\/wp-content\/uploads\/2021\/12\/cropped-logo-focus-letra-fuera-1-1.png","type":"image\/png"}],"twitter_card":"summary_large_image","twitter_misc":{"Temps estimat de lectura":"1 minut"},"schema":{"@context":"https:\/\/schema.org","@graph":[{"@type":"WebPage","@id":"https:\/\/consultoriafocus.cat\/curs-preparacio-actic-basic\/","url":"https:\/\/consultoriafocus.cat\/curs-preparacio-actic-basic\/","name":"Curs Preparaci\u00f3 Actic B\u00e0sic - Consultoria Focus","isPartOf":{"@id":"https:\/\/consultoriafocus.cat\/#website"},"primaryImageOfPage":{"@id":"https:\/\/consultoriafocus.cat\/curs-preparacio-actic-basic\/#primaryimage"},"image":{"@id":"https:\/\/consultoriafocus.cat\/curs-preparacio-actic-basic\/#primaryimage"},"thumbnailUrl":"https:\/\/consultoriafocus.cat\/wp-content\/uploads\/2021\/12\/cropped-logo-focus-letra-fuera-1-1.png","datePublished":"2026-03-09T14:35:56+00:00","dateModified":"2026-03-09T15:50:10+00:00","breadcrumb":{"@id":"https:\/\/consultoriafocus.cat\/curs-preparacio-actic-basic\/#breadcrumb"},"inLanguage":"ca","potentialAction":[{"@type":"ReadAction","target":["https:\/\/consultoriafocus.cat\/curs-preparacio-actic-basic\/"]}]},{"@type":"ImageObject","inLanguage":"ca","@id":"https:\/\/consultoriafocus.cat\/curs-preparacio-actic-basic\/#primaryimage","url":"https:\/\/consultoriafocus.cat\/wp-content\/uploads\/2021\/12\/cropped-logo-focus-letra-fuera-1-1.png","contentUrl":"https:\/\/consultoriafocus.cat\/wp-content\/uploads\/2021\/12\/cropped-logo-focus-letra-fuera-1-1.png"},{"@type":"BreadcrumbList","@id":"https:\/\/consultoriafocus.cat\/curs-preparacio-actic-basic\/#breadcrumb","itemListElement":[{"@type":"ListItem","position":1,"name":"Portada","item":"https:\/\/consultoriafocus.cat\/"},{"@type":"ListItem","position":2,"name":"Curs Preparaci\u00f3 Actic B\u00e0sic"}]},{"@type":"WebSite","@id":"https:\/\/consultoriafocus.cat\/#website","url":"https:\/\/consultoriafocus.cat\/","name":"consultoriafocus.cat","description":"","publisher":{"@id":"https:\/\/consultoriafocus.cat\/#organization"},"potentialAction":[{"@type":"SearchAction","target":{"@type":"EntryPoint","urlTemplate":"https:\/\/consultoriafocus.cat\/?s={search_term_string}"},"query-input":{"@type":"PropertyValueSpecification","valueRequired":true,"valueName":"search_term_string"}}],"inLanguage":"ca"},{"@type":"Organization","@id":"https:\/\/consultoriafocus.cat\/#organization","name":"consultoriafocus.cat","url":"https:\/\/consultoriafocus.cat\/","logo":{"@type":"ImageObject","inLanguage":"ca","@id":"https:\/\/consultoriafocus.cat\/#\/schema\/logo\/image\/","url":"https:\/\/consultoriafocus.cat\/wp-content\/uploads\/2021\/12\/cropped-logo-focus-letra-fuera-1-1-1.png","contentUrl":"https:\/\/consultoriafocus.cat\/wp-content\/uploads\/2021\/12\/cropped-logo-focus-letra-fuera-1-1-1.png","width":695,"height":277,"caption":"consultoriafocus.cat"},"image":{"@id":"https:\/\/consultoriafocus.cat\/#\/schema\/logo\/image\/"}}]}},"_links":{"self":[{"href":"https:\/\/consultoriafocus.cat\/ca\/wp-json\/wp\/v2\/pages\/10805","targetHints":{"allow":["GET"]}}],"collection":[{"href":"https:\/\/consultoriafocus.cat\/ca\/wp-json\/wp\/v2\/pages"}],"about":[{"href":"https:\/\/consultoriafocus.cat\/ca\/wp-json\/wp\/v2\/types\/page"}],"author":[{"embeddable":true,"href":"https:\/\/consultoriafocus.cat\/ca\/wp-json\/wp\/v2\/users\/2"}],"replies":[{"embeddable":true,"href":"https:\/\/consultoriafocus.cat\/ca\/wp-json\/wp\/v2\/comments?post=10805"}],"version-history":[{"count":61,"href":"https:\/\/consultoriafocus.cat\/ca\/wp-json\/wp\/v2\/pages\/10805\/revisions"}],"predecessor-version":[{"id":10876,"href":"https:\/\/consultoriafocus.cat\/ca\/wp-json\/wp\/v2\/pages\/10805\/revisions\/10876"}],"wp:attachment":[{"href":"https:\/\/consultoriafocus.cat\/ca\/wp-json\/wp\/v2\/media?parent=10805"}],"curies":[{"name":"wp","href":"https:\/\/api.w.org\/{rel}","templated":true}]}}